{"id":1095,"date":"2020-02-11T13:02:02","date_gmt":"2020-02-11T13:02:02","guid":{"rendered":"https:\/\/progetic.com\/?page_id=1095"},"modified":"2020-02-14T12:42:18","modified_gmt":"2020-02-14T12:42:18","slug":"blog","status":"publish","type":"page","link":"https:\/\/progetic.com\/es\/blog\/","title":{"rendered":"Blog"},"content":{"rendered":"\n<div class=\"wp-block-atomic-blocks-ab-container header_inside_02 header_height_03 animated fadeInUp slow ab-block-container alignfull\"><div class=\"ab-container-inside\"><div class=\"ab-container-image-wrap\"><img decoding=\"async\" class=\"ab-container-image has-background-dim-100 has-background-dim\" src=\"https:\/\/progetic.com\/wp-content\/uploads\/2019\/12\/header_blog.jpg\" alt=\"Blog\"\/><\/div><div class=\"ab-container-content\" style=\"max-width:1600px\">\n<div class=\"wp-block-atomic-blocks-ab-columns ab-layout-columns-2 ab-2-col-equal ab-columns-center\"><div class=\"ab-layout-column-wrap ab-block-layout-column-gap-1 ab-is-responsive-column\" style=\"max-width:1140px\">\n<div class=\"wp-block-atomic-blocks-ab-column ab-block-layout-column\"><div class=\"ab-block-layout-column-inner\">\n<p><\/p>\n<\/div><\/div>\n\n\n\n<div class=\"wp-block-atomic-blocks-ab-column ab-block-layout-column ab-is-vertically-aligned-bottom\"><div class=\"ab-block-layout-column-inner\">\n<h1 class=\"has-text-align-right title_proyect title_blog wp-block-heading\">Blog<\/h1>\n<\/div><\/div>\n<\/div><\/div>\n<\/div><\/div><\/div>\n\n\n<section class=\"ab-block-post-grid featuredpost aligncenter blog_destacat\"><div class=\"ab-post-grid-items is-list\"><article id=\"post-1536\" class=\"ab-post-grid-item post-1536 post type-post status-publish format-standard has-post-thumbnail hentry category-blog-destacado-es with-featured-image\"><div class=\"ab-block-post-grid-image\"><a href=\"https:\/\/progetic.com\/es\/blog-destacado-es\/es-necesario-el-control-y-la-domotica-en-una-vivienda\/\" rel=\"bookmark\" aria-hidden=\"true\" tabindex=\"-1\"><img loading=\"lazy\" decoding=\"async\" width=\"828\" height=\"518\" src=\"https:\/\/progetic.com\/wp-content\/uploads\/2020\/01\/progetic_domotica_01.jpg\" class=\"attachment-full size-full\" alt=\"Progetic Dom\u00f3tica\" srcset=\"https:\/\/progetic.com\/wp-content\/uploads\/2020\/01\/progetic_domotica_01.jpg 828w, https:\/\/progetic.com\/wp-content\/uploads\/2020\/01\/progetic_domotica_01-300x188.jpg 300w, https:\/\/progetic.com\/wp-content\/uploads\/2020\/01\/progetic_domotica_01-768x480.jpg 768w, https:\/\/progetic.com\/wp-content\/uploads\/2020\/01\/progetic_domotica_01-200x125.jpg 200w\" sizes=\"auto, (max-width: 828px) 100vw, 828px\" \/><\/a><\/div><div class=\"ab-block-post-grid-text\"><header class=\"ab-block-post-grid-header\"><h3 class=\"ab-block-post-grid-title\"><a href=\"https:\/\/progetic.com\/es\/blog-destacado-es\/es-necesario-el-control-y-la-domotica-en-una-vivienda\/\" rel=\"bookmark\">\u00bfEs necesario el control y la dom\u00f3tica en una vivienda?<\/a><\/h3><div class=\"ab-block-post-grid-byline\"><\/div><\/header><div class=\"ab-block-post-grid-excerpt\"><p>Los sistemas de control y dom\u00f3tica normalmente se entienden para empresas o casas de alto standing, no obstante, la instalaci\u00f3n de sistemas de control en las instalaciones de una vivienda es vital para obtener el m\u00e1ximo confort de la manera m\u00e1s eficiente, pudi\u00e9ndose implantar en cualquier domicilio.<\/p>\n<p><a class=\"ab-block-post-grid-more-link ab-text-link\" href=\"https:\/\/progetic.com\/es\/blog-destacado-es\/es-necesario-el-control-y-la-domotica-en-una-vivienda\/\" rel=\"bookmark\">M\u00e1s informaci\u00f3n <span class=\"screen-reader-text\">\u00bfEs necesario el control y la dom\u00f3tica en una vivienda?<\/span><\/a><\/p><\/div><\/div><\/article>\n<\/div><\/section>\n\n\n<div style=\"height:50px\" aria-hidden=\"true\" class=\"wp-block-spacer\"><\/div>\n\n\n<style>#kt-layout-id_efc873-1c > .kt-row-column-wrap{align-content:start;}:where(#kt-layout-id_efc873-1c > .kt-row-column-wrap) > .wp-block-kadence-column{justify-content:start;}#kt-layout-id_efc873-1c > .kt-row-column-wrap{column-gap:40px;row-gap:var(--global-kb-gap-md, 2rem);padding-top:var( --global-kb-row-default-top, 25px );padding-bottom:var( --global-kb-row-default-bottom, 25px );padding-top:var(--global-kb-spacing-sm, 1.5rem);padding-bottom:var(--global-kb-spacing-sm, 1.5rem);grid-template-columns:minmax(0, calc(75% - ((40px * 1 )\/2)))minmax(0, calc(25% - ((40px * 1 )\/2)));}#kt-layout-id_efc873-1c > .kt-row-layout-overlay{opacity:0.30;}@media all and (max-width: 1024px){#kt-layout-id_efc873-1c > .kt-row-column-wrap{grid-template-columns:minmax(0, 2fr) minmax(0, 1fr);}}@media all and (max-width: 767px){#kt-layout-id_efc873-1c > .kt-row-column-wrap{grid-template-columns:minmax(0, 1fr);}}<\/style>\n<div class=\"wp-block-kadence-rowlayout alignnone\"><div id=\"kt-layout-id_efc873-1c\" class=\"kt-row-layout-inner  kt-layout-id_efc873-1c\"><div class=\"kt-row-column-wrap kt-has-2-columns kt-gutter-wide kt-v-gutter-default kt-row-valign-top kt-row-layout-left-golden kt-tab-layout-inherit kt-m-colapse-left-to-right kt-mobile-layout-row kt-custom-first-width-75 kt-custom-second-width-25\"><style>.kadence-column_4cf550-95 > .kt-inside-inner-col{padding-right:70px;}.kadence-column_4cf550-95 > .kt-inside-inner-col{border-top-width:0px;border-right-width:1px;border-bottom-width:0px;border-left-width:0px;}.kadence-column_4cf550-95 > .kt-inside-inner-col,.kadence-column_4cf550-95 > .kt-inside-inner-col:before{border-top-left-radius:0px;border-top-right-radius:0px;border-bottom-right-radius:0px;border-bottom-left-radius:0px;}.kadence-column_4cf550-95 > .kt-inside-inner-col{column-gap:var(--global-kb-gap-sm, 1rem);}.kadence-column_4cf550-95 > .kt-inside-inner-col{flex-direction:column;}.kadence-column_4cf550-95 > .kt-inside-inner-col > .aligncenter{width:100%;}.kadence-column_4cf550-95 > .kt-inside-inner-col:before{opacity:0.3;}.kadence-column_4cf550-95{position:relative;}@media all and (max-width: 1024px){.kadence-column_4cf550-95 > .kt-inside-inner-col{flex-direction:column;justify-content:center;}}@media all and (max-width: 767px){.kadence-column_4cf550-95 > .kt-inside-inner-col{flex-direction:column;justify-content:center;}}<\/style>\n<div class=\"wp-block-kadence-column inner-column-1 kadence-column_4cf550-95 column_blog\"><div class=\"kt-inside-inner-col\"><section class=\"ab-block-post-grid featuredpost aligncenter grid_post_destacats\"><div class=\"ab-post-grid-items is-grid columns-2\"><article id=\"post-1135\" class=\"ab-post-grid-item post-1135 post type-post status-publish format-standard has-post-thumbnail hentry category-blog category-blog-es with-featured-image\"><div class=\"ab-block-post-grid-image\"><a href=\"https:\/\/progetic.com\/es\/blog\/como-pagar-50e-al-ano-en-calefaccion\/\" rel=\"bookmark\" aria-hidden=\"true\" tabindex=\"-1\"><img loading=\"lazy\" decoding=\"async\" width=\"600\" height=\"518\" src=\"https:\/\/progetic.com\/wp-content\/uploads\/2020\/01\/Larixhaus_03-600x518.jpg\" class=\"attachment-ab-block-post-grid-square size-ab-block-post-grid-square\" alt=\"Larixhaus\" \/><\/a><\/div><div class=\"ab-block-post-grid-text\"><header class=\"ab-block-post-grid-header\"><h3 class=\"ab-block-post-grid-title\"><a href=\"https:\/\/progetic.com\/es\/blog\/como-pagar-50e-al-ano-en-calefaccion\/\" rel=\"bookmark\">C\u00f3mo pagar 50\u20ac al a\u00f1o en calefacci\u00f3n<\/a><\/h3><div class=\"ab-block-post-grid-byline\"><time datetime=\"2020-02-11T15:06:10+00:00\" class=\"ab-block-post-grid-date\" itemprop=\"datePublished\">11 febrero 2020<\/time><\/div><\/header><div class=\"ab-block-post-grid-excerpt\"><p>\u00bfEs verdad lo que se dice, que las casas pasivas consumen muy poca energ\u00eda y que son muy confortables? Se presentan datos reales de la monitorizaci\u00f3n de una vivienda con certificaci\u00f3n Passivhaus, ubicada en la localidad de Collsuspina, provincia de Barcelona.<\/p>\n<p><a class=\"ab-block-post-grid-more-link ab-text-link\" href=\"https:\/\/progetic.com\/es\/blog\/como-pagar-50e-al-ano-en-calefaccion\/\" rel=\"bookmark\">M\u00e1s informaci\u00f3n <span class=\"screen-reader-text\">C\u00f3mo pagar 50\u20ac al a\u00f1o en calefacci\u00f3n<\/span><\/a><\/p><\/div><\/div><\/article>\n<article id=\"post-1519\" class=\"ab-post-grid-item post-1519 post type-post status-publish format-standard has-post-thumbnail hentry category-blog-es with-featured-image\"><div class=\"ab-block-post-grid-image\"><a href=\"https:\/\/progetic.com\/es\/blog-es\/auditorias-energeticas-para-empresas\/\" rel=\"bookmark\" aria-hidden=\"true\" tabindex=\"-1\"><img loading=\"lazy\" decoding=\"async\" width=\"600\" height=\"518\" src=\"https:\/\/progetic.com\/wp-content\/uploads\/2020\/01\/progetic_auditoria_energetica_01-600x518.jpg\" class=\"attachment-ab-block-post-grid-square size-ab-block-post-grid-square\" alt=\"Progetic auditoria energ\u00e8tica\" \/><\/a><\/div><div class=\"ab-block-post-grid-text\"><header class=\"ab-block-post-grid-header\"><h3 class=\"ab-block-post-grid-title\"><a href=\"https:\/\/progetic.com\/es\/blog-es\/auditorias-energeticas-para-empresas\/\" rel=\"bookmark\">Auditor\u00edas energ\u00e9ticas para empresas<\/a><\/h3><div class=\"ab-block-post-grid-byline\"><time datetime=\"2020-02-11T16:22:35+00:00\" class=\"ab-block-post-grid-date\" itemprop=\"datePublished\">11 febrero 2020<\/time><\/div><\/header><div class=\"ab-block-post-grid-excerpt\"><p>La Auditor\u00eda energ\u00e9tica es la herramienta que nos permite la mejora sustancial de la eficiencia energ\u00e9tica de nuestra empresa.<\/p>\n<p><a class=\"ab-block-post-grid-more-link ab-text-link\" href=\"https:\/\/progetic.com\/es\/blog-es\/auditorias-energeticas-para-empresas\/\" rel=\"bookmark\">M\u00e1s informaci\u00f3n <span class=\"screen-reader-text\">Auditor\u00edas energ\u00e9ticas para empresas<\/span><\/a><\/p><\/div><\/div><\/article>\n<article id=\"post-1528\" class=\"ab-post-grid-item post-1528 post type-post status-publish format-standard has-post-thumbnail hentry category-blog-es with-featured-image\"><div class=\"ab-block-post-grid-image\"><a href=\"https:\/\/progetic.com\/es\/blog-es\/bombas-de-calor-para-viviendas-de-baja-demanda-termica\/\" rel=\"bookmark\" aria-hidden=\"true\" tabindex=\"-1\"><img loading=\"lazy\" decoding=\"async\" width=\"600\" height=\"518\" src=\"https:\/\/progetic.com\/wp-content\/uploads\/2020\/01\/progetic_bomba_calor_01-600x518.jpg\" class=\"attachment-ab-block-post-grid-square size-ab-block-post-grid-square\" alt=\"Progetic bomba de calor\" \/><\/a><\/div><div class=\"ab-block-post-grid-text\"><header class=\"ab-block-post-grid-header\"><h3 class=\"ab-block-post-grid-title\"><a href=\"https:\/\/progetic.com\/es\/blog-es\/bombas-de-calor-para-viviendas-de-baja-demanda-termica\/\" rel=\"bookmark\">Bombas de calor para viviendas de baja demanda t\u00e9rmica<\/a><\/h3><div class=\"ab-block-post-grid-byline\"><time datetime=\"2020-01-28T12:30:02+00:00\" class=\"ab-block-post-grid-date\" itemprop=\"datePublished\">28 enero 2020<\/time><\/div><\/header><div class=\"ab-block-post-grid-excerpt\"><p>Cada d\u00eda es m\u00e1s com\u00fan el uso de las bombas de calor para la producci\u00f3n de climatizaci\u00f3n y agua caliente sanitaria (ACS) en las viviendas. Su elevado rendimiento energ\u00e9tico y el hecho de que se alimenten con electricidad, las hace ideales para integrarse en viviendas, especialmente en las de baja demanda energ\u00e9tica. <\/p>\n<p><a class=\"ab-block-post-grid-more-link ab-text-link\" href=\"https:\/\/progetic.com\/es\/blog-es\/bombas-de-calor-para-viviendas-de-baja-demanda-termica\/\" rel=\"bookmark\">M\u00e1s informaci\u00f3n <span class=\"screen-reader-text\">Bombas de calor para viviendas de baja demanda t\u00e9rmica<\/span><\/a><\/p><\/div><\/div><\/article>\n<article id=\"post-1546\" class=\"ab-post-grid-item post-1546 post type-post status-publish format-standard has-post-thumbnail hentry category-blog-es with-featured-image\"><div class=\"ab-block-post-grid-image\"><a href=\"https:\/\/progetic.com\/es\/blog-es\/isobio-calculo-higrotermico-y-validacion-de-un-panel-aislante-estructural-con-materiales-de-origen-biologico\/\" rel=\"bookmark\" aria-hidden=\"true\" tabindex=\"-1\"><img loading=\"lazy\" decoding=\"async\" width=\"600\" height=\"518\" src=\"https:\/\/progetic.com\/wp-content\/uploads\/2020\/01\/isobio_01-1-600x518.jpg\" class=\"attachment-ab-block-post-grid-square size-ab-block-post-grid-square\" alt=\"Progetic ISOBIO\" \/><\/a><\/div><div class=\"ab-block-post-grid-text\"><header class=\"ab-block-post-grid-header\"><h3 class=\"ab-block-post-grid-title\"><a href=\"https:\/\/progetic.com\/es\/blog-es\/isobio-calculo-higrotermico-y-validacion-de-un-panel-aislante-estructural-con-materiales-de-origen-biologico\/\" rel=\"bookmark\">ISOBIO: c\u00e1lculo higrot\u00e9rmico y validaci\u00f3n de un panel aislante estructural con materiales de origen biol\u00f3gico<\/a><\/h3><div class=\"ab-block-post-grid-byline\"><time datetime=\"2020-02-11T17:26:04+00:00\" class=\"ab-block-post-grid-date\" itemprop=\"datePublished\">11 febrero 2020<\/time><\/div><\/header><div class=\"ab-block-post-grid-excerpt\"><p>Frente al impacto ambiental del sector de la construcci\u00f3n- responsable de un 40 % del consumo total de energ\u00eda primaria de la Uni\u00f3n Europea- reducir tanto la energ\u00eda embebida de los materiales en la fase de fabricaci\u00f3n, como el consumo energ\u00e9tico de los edificios en su fase de uso- son tareas urgentes.<\/p>\n<p><a class=\"ab-block-post-grid-more-link ab-text-link\" href=\"https:\/\/progetic.com\/es\/blog-es\/isobio-calculo-higrotermico-y-validacion-de-un-panel-aislante-estructural-con-materiales-de-origen-biologico\/\" rel=\"bookmark\">M\u00e1s informaci\u00f3n <span class=\"screen-reader-text\">ISOBIO: c\u00e1lculo higrot\u00e9rmico y validaci\u00f3n de un panel aislante estructural con materiales de origen biol\u00f3gico<\/span><\/a><\/p><\/div><\/div><\/article>\n<\/div><\/section><\/div><\/div>\n\n\n<style>.kadence-column_0a1d10-67 > .kt-inside-inner-col{border-top-width:0px;border-right-width:0px;border-bottom-width:0px;border-left-width:0px;}.kadence-column_0a1d10-67 > .kt-inside-inner-col,.kadence-column_0a1d10-67 > .kt-inside-inner-col:before{border-top-left-radius:0px;border-top-right-radius:0px;border-bottom-right-radius:0px;border-bottom-left-radius:0px;}.kadence-column_0a1d10-67 > .kt-inside-inner-col{column-gap:var(--global-kb-gap-sm, 1rem);}.kadence-column_0a1d10-67 > .kt-inside-inner-col{flex-direction:column;}.kadence-column_0a1d10-67 > .kt-inside-inner-col > .aligncenter{width:100%;}.kadence-column_0a1d10-67 > .kt-inside-inner-col:before{opacity:0.3;}.kadence-column_0a1d10-67{position:relative;}@media all and (max-width: 1024px){.kadence-column_0a1d10-67 > .kt-inside-inner-col{flex-direction:column;justify-content:center;}}@media all and (max-width: 767px){.kadence-column_0a1d10-67 > .kt-inside-inner-col{flex-direction:column;justify-content:center;}}<\/style>\n<div class=\"wp-block-kadence-column inner-column-2 kadence-column_0a1d10-67\"><div class=\"kt-inside-inner-col\">\n<div class=\"wp-block-atomic-blocks-ab-container sidebar_blog ab-block-container\"><div class=\"ab-container-inside\"><div class=\"ab-container-content\"><form role=\"search\" method=\"get\" action=\"https:\/\/progetic.com\/es\/\" class=\"wp-block-search__button-outside wp-block-search__text-button wp-block-search\"    ><label class=\"wp-block-search__label\" for=\"wp-block-search__input-1\" >Buscar<\/label><div class=\"wp-block-search__inside-wrapper \" ><input class=\"wp-block-search__input\" id=\"wp-block-search__input-1\" placeholder=\"\" value=\"\" type=\"search\" name=\"s\" required \/><button aria-label=\"Buscar\" class=\"wp-block-search__button wp-element-button\" type=\"submit\" >Buscar<\/button><\/div><\/form>\n\n\n<div style=\"height:40px\" aria-hidden=\"true\" class=\"wp-block-spacer\"><\/div>\n\n\n\n<h4 class=\"wp-block-heading\">\u00daltims articles <\/h4>\n\n\n<ul class=\"wp-block-latest-posts__list has-dates last_posts wp-block-latest-posts\"><li><a class=\"wp-block-latest-posts__post-title\" href=\"https:\/\/progetic.com\/es\/blog\/como-pagar-50e-al-ano-en-calefaccion\/\">C\u00f3mo pagar 50\u20ac al a\u00f1o en calefacci\u00f3n<\/a><time datetime=\"2020-02-11T15:06:10+00:00\" class=\"wp-block-latest-posts__post-date\">11 febrero 2020<\/time><\/li>\n<li><a class=\"wp-block-latest-posts__post-title\" href=\"https:\/\/progetic.com\/es\/blog-es\/auditorias-energeticas-para-empresas\/\">Auditor\u00edas energ\u00e9ticas para empresas<\/a><time datetime=\"2020-02-11T16:22:35+00:00\" class=\"wp-block-latest-posts__post-date\">11 febrero 2020<\/time><\/li>\n<li><a class=\"wp-block-latest-posts__post-title\" href=\"https:\/\/progetic.com\/es\/blog-es\/bombas-de-calor-para-viviendas-de-baja-demanda-termica\/\">Bombas de calor para viviendas de baja demanda t\u00e9rmica<\/a><time datetime=\"2020-01-28T12:30:02+00:00\" class=\"wp-block-latest-posts__post-date\">28 enero 2020<\/time><\/li>\n<li><a class=\"wp-block-latest-posts__post-title\" href=\"https:\/\/progetic.com\/es\/blog-es\/isobio-calculo-higrotermico-y-validacion-de-un-panel-aislante-estructural-con-materiales-de-origen-biologico\/\">ISOBIO: c\u00e1lculo higrot\u00e9rmico y validaci\u00f3n de un panel aislante estructural con materiales de origen biol\u00f3gico<\/a><time datetime=\"2020-02-11T17:26:04+00:00\" class=\"wp-block-latest-posts__post-date\">11 febrero 2020<\/time><\/li>\n<\/ul>\n\n\n<p><\/p>\n<\/div><\/div><\/div>\n<\/div><\/div>\n<\/div><\/div><\/div>\n\n\n\n<div style=\"height:80px\" aria-hidden=\"true\" class=\"wp-block-spacer\"><\/div>\n\n\n\n<p><\/p>\n","protected":false},"excerpt":{"rendered":"","protected":false},"author":1,"featured_media":0,"parent":0,"menu_order":0,"comment_status":"closed","ping_status":"closed","template":"templates\/template-builder.php","meta":{"inline_featured_image":false,"footnotes":""},"class_list":["post-1095","page","type-page","status-publish","hentry","post","without-featured-image"],"yoast_head":"<!-- This site is optimized with the Yoast SEO plugin v25.5 - https:\/\/yoast.com\/wordpress\/plugins\/seo\/ -->\n<title>Blog | Progetic<\/title>\n<meta name=\"robots\" content=\"index, follow, max-snippet:-1, max-image-preview:large, max-video-preview:-1\" \/>\n<link rel=\"canonical\" href=\"https:\/\/progetic.com\/es\/blog\/\" \/>\n<meta property=\"og:locale\" content=\"es_ES\" \/>\n<meta property=\"og:type\" content=\"article\" \/>\n<meta property=\"og:title\" content=\"Blog | Progetic\" \/>\n<meta property=\"og:url\" content=\"https:\/\/progetic.com\/es\/blog\/\" \/>\n<meta property=\"og:site_name\" content=\"Progetic\" \/>\n<meta property=\"article:publisher\" content=\"https:\/\/www.facebook.com\/pages\/ProGETIC-Energy-Solutions\/359464210793572\" \/>\n<meta property=\"article:modified_time\" content=\"2020-02-14T12:42:18+00:00\" \/>\n<meta property=\"og:image\" content=\"https:\/\/progetic.com\/wp-content\/uploads\/2019\/12\/header_blog.jpg\" \/>\n<meta name=\"twitter:card\" content=\"summary_large_image\" \/>\n<meta name=\"twitter:site\" content=\"@PRoGETIC1\" \/>\n<script type=\"application\/ld+json\" class=\"yoast-schema-graph\">{\"@context\":\"https:\/\/schema.org\",\"@graph\":[{\"@type\":\"WebPage\",\"@id\":\"https:\/\/progetic.com\/es\/blog\/\",\"url\":\"https:\/\/progetic.com\/es\/blog\/\",\"name\":\"Blog | Progetic\",\"isPartOf\":{\"@id\":\"https:\/\/progetic.com\/#website\"},\"primaryImageOfPage\":{\"@id\":\"https:\/\/progetic.com\/es\/blog\/#primaryimage\"},\"image\":{\"@id\":\"https:\/\/progetic.com\/es\/blog\/#primaryimage\"},\"thumbnailUrl\":\"https:\/\/progetic.com\/wp-content\/uploads\/2019\/12\/header_blog.jpg\",\"datePublished\":\"2020-02-11T13:02:02+00:00\",\"dateModified\":\"2020-02-14T12:42:18+00:00\",\"breadcrumb\":{\"@id\":\"https:\/\/progetic.com\/es\/blog\/#breadcrumb\"},\"inLanguage\":\"es\",\"potentialAction\":[{\"@type\":\"ReadAction\",\"target\":[\"https:\/\/progetic.com\/es\/blog\/\"]}]},{\"@type\":\"ImageObject\",\"inLanguage\":\"es\",\"@id\":\"https:\/\/progetic.com\/es\/blog\/#primaryimage\",\"url\":\"https:\/\/progetic.com\/wp-content\/uploads\/2019\/12\/header_blog.jpg\",\"contentUrl\":\"https:\/\/progetic.com\/wp-content\/uploads\/2019\/12\/header_blog.jpg\"},{\"@type\":\"BreadcrumbList\",\"@id\":\"https:\/\/progetic.com\/es\/blog\/#breadcrumb\",\"itemListElement\":[{\"@type\":\"ListItem\",\"position\":1,\"name\":\"Inici\",\"item\":\"https:\/\/progetic.com\/es\/\"},{\"@type\":\"ListItem\",\"position\":2,\"name\":\"Blog\"}]},{\"@type\":\"WebSite\",\"@id\":\"https:\/\/progetic.com\/#website\",\"url\":\"https:\/\/progetic.com\/\",\"name\":\"Progetic\",\"description\":\"Serveis d\u2019enginyeria i consultoria per a edificis de consum gaireb\u00e9 nul i Passivhaus\",\"publisher\":{\"@id\":\"https:\/\/progetic.com\/#organization\"},\"potentialAction\":[{\"@type\":\"SearchAction\",\"target\":{\"@type\":\"EntryPoint\",\"urlTemplate\":\"https:\/\/progetic.com\/?s={search_term_string}\"},\"query-input\":{\"@type\":\"PropertyValueSpecification\",\"valueRequired\":true,\"valueName\":\"search_term_string\"}}],\"inLanguage\":\"es\"},{\"@type\":\"Organization\",\"@id\":\"https:\/\/progetic.com\/#organization\",\"name\":\"Progetic Consultoria Enginyeria\",\"url\":\"https:\/\/progetic.com\/\",\"logo\":{\"@type\":\"ImageObject\",\"inLanguage\":\"es\",\"@id\":\"https:\/\/progetic.com\/#\/schema\/logo\/image\/\",\"url\":\"https:\/\/progetic.com\/wp-content\/uploads\/2019\/12\/Logo_Progetic.svg\",\"contentUrl\":\"https:\/\/progetic.com\/wp-content\/uploads\/2019\/12\/Logo_Progetic.svg\",\"width\":1,\"height\":1,\"caption\":\"Progetic Consultoria Enginyeria\"},\"image\":{\"@id\":\"https:\/\/progetic.com\/#\/schema\/logo\/image\/\"},\"sameAs\":[\"https:\/\/www.facebook.com\/pages\/ProGETIC-Energy-Solutions\/359464210793572\",\"https:\/\/x.com\/PRoGETIC1\"]}]}<\/script>\n<!-- \/ Yoast SEO plugin. -->","yoast_head_json":{"title":"Blog | Progetic","robots":{"index":"index","follow":"follow","max-snippet":"max-snippet:-1","max-image-preview":"max-image-preview:large","max-video-preview":"max-video-preview:-1"},"canonical":"https:\/\/progetic.com\/es\/blog\/","og_locale":"es_ES","og_type":"article","og_title":"Blog | Progetic","og_url":"https:\/\/progetic.com\/es\/blog\/","og_site_name":"Progetic","article_publisher":"https:\/\/www.facebook.com\/pages\/ProGETIC-Energy-Solutions\/359464210793572","article_modified_time":"2020-02-14T12:42:18+00:00","og_image":[{"url":"https:\/\/progetic.com\/wp-content\/uploads\/2019\/12\/header_blog.jpg","type":"","width":"","height":""}],"twitter_card":"summary_large_image","twitter_site":"@PRoGETIC1","schema":{"@context":"https:\/\/schema.org","@graph":[{"@type":"WebPage","@id":"https:\/\/progetic.com\/es\/blog\/","url":"https:\/\/progetic.com\/es\/blog\/","name":"Blog | Progetic","isPartOf":{"@id":"https:\/\/progetic.com\/#website"},"primaryImageOfPage":{"@id":"https:\/\/progetic.com\/es\/blog\/#primaryimage"},"image":{"@id":"https:\/\/progetic.com\/es\/blog\/#primaryimage"},"thumbnailUrl":"https:\/\/progetic.com\/wp-content\/uploads\/2019\/12\/header_blog.jpg","datePublished":"2020-02-11T13:02:02+00:00","dateModified":"2020-02-14T12:42:18+00:00","breadcrumb":{"@id":"https:\/\/progetic.com\/es\/blog\/#breadcrumb"},"inLanguage":"es","potentialAction":[{"@type":"ReadAction","target":["https:\/\/progetic.com\/es\/blog\/"]}]},{"@type":"ImageObject","inLanguage":"es","@id":"https:\/\/progetic.com\/es\/blog\/#primaryimage","url":"https:\/\/progetic.com\/wp-content\/uploads\/2019\/12\/header_blog.jpg","contentUrl":"https:\/\/progetic.com\/wp-content\/uploads\/2019\/12\/header_blog.jpg"},{"@type":"BreadcrumbList","@id":"https:\/\/progetic.com\/es\/blog\/#breadcrumb","itemListElement":[{"@type":"ListItem","position":1,"name":"Inici","item":"https:\/\/progetic.com\/es\/"},{"@type":"ListItem","position":2,"name":"Blog"}]},{"@type":"WebSite","@id":"https:\/\/progetic.com\/#website","url":"https:\/\/progetic.com\/","name":"Progetic","description":"Serveis d\u2019enginyeria i consultoria per a edificis de consum gaireb\u00e9 nul i Passivhaus","publisher":{"@id":"https:\/\/progetic.com\/#organization"},"potentialAction":[{"@type":"SearchAction","target":{"@type":"EntryPoint","urlTemplate":"https:\/\/progetic.com\/?s={search_term_string}"},"query-input":{"@type":"PropertyValueSpecification","valueRequired":true,"valueName":"search_term_string"}}],"inLanguage":"es"},{"@type":"Organization","@id":"https:\/\/progetic.com\/#organization","name":"Progetic Consultoria Enginyeria","url":"https:\/\/progetic.com\/","logo":{"@type":"ImageObject","inLanguage":"es","@id":"https:\/\/progetic.com\/#\/schema\/logo\/image\/","url":"https:\/\/progetic.com\/wp-content\/uploads\/2019\/12\/Logo_Progetic.svg","contentUrl":"https:\/\/progetic.com\/wp-content\/uploads\/2019\/12\/Logo_Progetic.svg","width":1,"height":1,"caption":"Progetic Consultoria Enginyeria"},"image":{"@id":"https:\/\/progetic.com\/#\/schema\/logo\/image\/"},"sameAs":["https:\/\/www.facebook.com\/pages\/ProGETIC-Energy-Solutions\/359464210793572","https:\/\/x.com\/PRoGETIC1"]}]}},"featured_image_src":null,"featured_image_src_square":null,"_links":{"self":[{"href":"https:\/\/progetic.com\/es\/wp-json\/wp\/v2\/pages\/1095","targetHints":{"allow":["GET"]}}],"collection":[{"href":"https:\/\/progetic.com\/es\/wp-json\/wp\/v2\/pages"}],"about":[{"href":"https:\/\/progetic.com\/es\/wp-json\/wp\/v2\/types\/page"}],"author":[{"embeddable":true,"href":"https:\/\/progetic.com\/es\/wp-json\/wp\/v2\/users\/1"}],"replies":[{"embeddable":true,"href":"https:\/\/progetic.com\/es\/wp-json\/wp\/v2\/comments?post=1095"}],"version-history":[{"count":3,"href":"https:\/\/progetic.com\/es\/wp-json\/wp\/v2\/pages\/1095\/revisions"}],"predecessor-version":[{"id":1715,"href":"https:\/\/progetic.com\/es\/wp-json\/wp\/v2\/pages\/1095\/revisions\/1715"}],"wp:attachment":[{"href":"https:\/\/progetic.com\/es\/wp-json\/wp\/v2\/media?parent=1095"}],"curies":[{"name":"wp","href":"https:\/\/api.w.org\/{rel}","templated":true}]}}